{"id":6299,"date":"2018-03-16T18:58:27","date_gmt":"2018-03-16T17:58:27","guid":{"rendered":"https:\/\/soldanella.de\/wordpress\/a-z-insekten\/"},"modified":"2018-04-20T18:25:09","modified_gmt":"2018-04-20T16:25:09","slug":"a-z-4-2-3-2","status":"publish","type":"page","link":"https:\/\/soldanella.de\/wordpress\/a-z-4-2-3-2\/","title":{"rendered":"A-Z V\u00f6gel"},"content":{"rendered":"<div class=\"wpb-content-wrapper\"><p>[vc_row][vc_column][vc_column_text]<\/p>\n<table>\n<tbody>\n<tr>\n<td width=\"96\"><a href=\"https:\/\/soldanella.de\/wordpress\/a-z-4-2-2\/\">S\u00e4ugetiere<\/a><\/td>\n<td width=\"96\"><a href=\"https:\/\/soldanella.de\/wordpress\/a-z-4-2-3-2\/\">V\u00f6gel<\/a><\/td>\n<td width=\"96\"><a href=\"https:\/\/soldanella.de\/wordpress\/a-z-4-2-3-2-3-2-2\/\">Amphibien<\/a><\/td>\n<td width=\"96\"><a href=\"https:\/\/soldanella.de\/wordpress\/a-z-4-2-3-2-3\/\">Reptilien<\/a><\/td>\n<td width=\"96\"><a href=\"https:\/\/soldanella.de\/wordpress\/a-z-4-2-3\/\">Insekten<\/a><\/td>\n<td width=\"96\"><a href=\"https:\/\/soldanella.de\/wordpress\/a-z-4-2-3-2-3-2\/\">Spinnen<\/a><\/td>\n<td width=\"96\"><a href=\"https:\/\/soldanella.de\/wordpress\/a-z-4-2-3-2-3-2-2-2\/\">Pflanzen<\/a><\/td>\n<td width=\"96\"><a href=\"https:\/\/soldanella.de\/wordpress\/a-z-4-2-3-2-2\/\">Pilze<\/a><\/td>\n<\/tr>\n<tr>\n<td width=\"96\"><\/td>\n<td width=\"96\"><ul class=\"lcp_catlist\" id=\"lcp_instance_0\"><li><a href=\"https:\/\/soldanella.de\/wordpress\/alpendohle\/\">Alpendohle<\/a><\/li><li><a href=\"https:\/\/soldanella.de\/wordpress\/alpenstrandlaeufer\/\">Alpenstrandl\u00e4ufer<\/a><\/li><li><a href=\"https:\/\/soldanella.de\/wordpress\/amsel\/\">Amsel<\/a><\/li><li><a href=\"https:\/\/soldanella.de\/wordpress\/austernfischer\/\">Austernfischer<\/a><\/li><li><a href=\"https:\/\/soldanella.de\/wordpress\/bachstelze\/\">Bachstelze<\/a><\/li><li><a href=\"https:\/\/soldanella.de\/wordpress\/bartmeise\/\">Bartmeise<\/a><\/li><li><a href=\"https:\/\/soldanella.de\/wordpress\/baumlaeufer\/\">Bauml\u00e4ufer<\/a><\/li><li><a href=\"https:\/\/soldanella.de\/wordpress\/baumpieper\/\">Baumpieper<\/a><\/li><li><a href=\"https:\/\/soldanella.de\/wordpress\/bekassine\/\">Bekassine<\/a><\/li><li><a href=\"https:\/\/soldanella.de\/wordpress\/bergente\/\">Bergente<\/a><\/li><li><a href=\"https:\/\/soldanella.de\/wordpress\/bergfink\/\">Bergfink<\/a><\/li><li><a href=\"https:\/\/soldanella.de\/wordpress\/bergpieper\/\">Bergpieper<\/a><\/li><li><a href=\"https:\/\/soldanella.de\/wordpress\/bienenfresser\/\">Bienenfresser<\/a><\/li><li><a href=\"https:\/\/soldanella.de\/wordpress\/birkhuhn\/\">Birkhuhn<\/a><\/li><li><a href=\"https:\/\/soldanella.de\/wordpress\/blaessralle\/\">Bl\u00e4ssralle<\/a><\/li><li><a href=\"https:\/\/soldanella.de\/wordpress\/blaukehlchen\/\">Blaukehlchen<\/a><\/li><li><a href=\"https:\/\/soldanella.de\/wordpress\/blaumeise\/\">Blaumeise<\/a><\/li><li><a href=\"https:\/\/soldanella.de\/wordpress\/bluthaenfling\/\">Bluth\u00e4nfling<\/a><\/li><li><a href=\"https:\/\/soldanella.de\/wordpress\/brandgans-2\/\">Brandgans<\/a><\/li><li><a href=\"https:\/\/soldanella.de\/wordpress\/brandseeschwalbe\/\">Brandseeschwalbe<\/a><\/li><li><a href=\"https:\/\/soldanella.de\/wordpress\/braunkehlchen\/\">Braunkehlchen<\/a><\/li><li><a href=\"https:\/\/soldanella.de\/wordpress\/brautente\/\">Brautente<\/a><\/li><li><a href=\"https:\/\/soldanella.de\/wordpress\/buchfink\/\">Buchfink<\/a><\/li><li><a href=\"https:\/\/soldanella.de\/wordpress\/buntspecht\/\">Buntspecht<\/a><\/li><li><a href=\"https:\/\/soldanella.de\/wordpress\/distelfink-2\/\">Distelfink<\/a><\/li><li><a href=\"https:\/\/soldanella.de\/wordpress\/dohle\/\">Dohle<\/a><\/li><li><a href=\"https:\/\/soldanella.de\/wordpress\/dompfaff\/\">Dompfaff<\/a><\/li><li><a href=\"https:\/\/soldanella.de\/wordpress\/dorngrasmuecke\/\">Dorngrasm\u00fccke<\/a><\/li><li><a href=\"https:\/\/soldanella.de\/wordpress\/dunkler-wasserlaeufer\/\">Dunkler Wasserl\u00e4ufer<\/a><\/li><li><a href=\"https:\/\/soldanella.de\/wordpress\/eichelhaeher\/\">Eichelh\u00e4her<\/a><\/li><li><a href=\"https:\/\/soldanella.de\/wordpress\/eiderente\/\">Eiderente<\/a><\/li><li><a href=\"https:\/\/soldanella.de\/wordpress\/eisvogel\/\">Eisvogel<\/a><\/li><li><a href=\"https:\/\/soldanella.de\/wordpress\/elster\/\">Elster<\/a><\/li><li><a href=\"https:\/\/soldanella.de\/wordpress\/erlenzeisig\/\">Erlenzeisig<\/a><\/li><li><a href=\"https:\/\/soldanella.de\/wordpress\/feldsperling\/\">Feldsperling<\/a><\/li><li><a href=\"https:\/\/soldanella.de\/wordpress\/fischadler\/\">Fischadler<\/a><\/li><li><a href=\"https:\/\/soldanella.de\/wordpress\/fitis\/\">Fitis<\/a><\/li><li><a href=\"https:\/\/soldanella.de\/wordpress\/flamingo\/\">Flamingo<\/a><\/li><li><a href=\"https:\/\/soldanella.de\/wordpress\/flussregenpfeifer\/\">Flussregenpfeifer<\/a><\/li><li><a href=\"https:\/\/soldanella.de\/wordpress\/flussseeschwalbe-2\/\">Flussseeschwalbe<\/a><\/li><li><a href=\"https:\/\/soldanella.de\/wordpress\/gaensesaeger\/\">G\u00e4nses\u00e4ger<\/a><\/li><li><a href=\"https:\/\/soldanella.de\/wordpress\/gartenrotschwanz\/\">Gartenrotschwanz<\/a><\/li><li><a href=\"https:\/\/soldanella.de\/wordpress\/gebirgsstelze\/\">Gebirgsstelze<\/a><\/li><li><a href=\"https:\/\/soldanella.de\/wordpress\/girlitz\/\">Girlitz<\/a><\/li><li><a href=\"https:\/\/soldanella.de\/wordpress\/goldammer\/\">Goldammer<\/a><\/li><li><a href=\"https:\/\/soldanella.de\/wordpress\/goldregenpfeifer\/\">Goldregenpfeifer<\/a><\/li><li><a href=\"https:\/\/soldanella.de\/wordpress\/graugans\/\">Graugans<\/a><\/li><li><a href=\"https:\/\/soldanella.de\/wordpress\/graureiher\/\">Graureiher<\/a><\/li><li><a href=\"https:\/\/soldanella.de\/wordpress\/grauschnaepper\/\">Grauschn\u00e4pper<\/a><\/li><li><a href=\"https:\/\/soldanella.de\/wordpress\/grosser-brachvogel\/\">Gro\u00dfer Brachvogel<\/a><\/li><li><a href=\"https:\/\/soldanella.de\/wordpress\/gruenfink\/\">Gr\u00fcnfink<\/a><\/li><li><a href=\"https:\/\/soldanella.de\/wordpress\/gruenschenkel\/\">Gr\u00fcnschenkel<\/a><\/li><li><a href=\"https:\/\/soldanella.de\/wordpress\/gruenspecht\/\">Gr\u00fcnspecht<\/a><\/li><li><a href=\"https:\/\/soldanella.de\/wordpress\/haubenmeise\/\">Haubenmeise<\/a><\/li><li><a href=\"https:\/\/soldanella.de\/wordpress\/haubentaucher\/\">Haubentaucher<\/a><\/li><li><a href=\"https:\/\/soldanella.de\/wordpress\/hausrotschwanz\/\">Hausrotschwanz<\/a><\/li><li><a href=\"https:\/\/soldanella.de\/wordpress\/haussperling\/\">Haussperling<\/a><\/li><li><a href=\"https:\/\/soldanella.de\/wordpress\/heckenbraunelle\/\">Heckenbraunelle<\/a><\/li><li><a href=\"https:\/\/soldanella.de\/wordpress\/heidelerche\/\">Heidelerche<\/a><\/li><li><a href=\"https:\/\/soldanella.de\/wordpress\/hoeckerschwan\/\">H\u00f6ckerschwan<\/a><\/li><li><a href=\"https:\/\/soldanella.de\/wordpress\/islaendische-rotdrossel\/\">Isl\u00e4ndische Rotdrossel<\/a><\/li><li><a href=\"https:\/\/soldanella.de\/wordpress\/goldfasan\/\">Jagdfasan<\/a><\/li><li><a href=\"https:\/\/soldanella.de\/wordpress\/kanadagans\/\">Kanadagans<\/a><\/li><li><a href=\"https:\/\/soldanella.de\/wordpress\/kernbeisser\/\">Kernbei\u00dfer<\/a><\/li><li><a href=\"https:\/\/soldanella.de\/wordpress\/kiebitz\/\">Kiebitz<\/a><\/li><li><a href=\"https:\/\/soldanella.de\/wordpress\/kiebitzregenpfeifer\/\">Kiebitzregenpfeifer<\/a><\/li><li><a href=\"https:\/\/soldanella.de\/wordpress\/klappergrasmuecke\/\">Klappergrasm\u00fccke<\/a><\/li><li><a href=\"https:\/\/soldanella.de\/wordpress\/kleiber\/\">Kleiber<\/a><\/li><li><a href=\"https:\/\/soldanella.de\/wordpress\/knaekente\/\">Kn\u00e4kente<\/a><\/li><li><a href=\"https:\/\/soldanella.de\/wordpress\/knutt\/\">Knutt<\/a><\/li><li><a href=\"https:\/\/soldanella.de\/wordpress\/kohlmeise\/\">Kohlmeise<\/a><\/li><li><a href=\"https:\/\/soldanella.de\/wordpress\/kolbenente\/\">Kolbenente<\/a><\/li><li><a href=\"https:\/\/soldanella.de\/wordpress\/kolkrabe\/\">Kolkrabe<\/a><\/li><li><a href=\"https:\/\/soldanella.de\/wordpress\/kormoran\/\">Kormoran<\/a><\/li><li><a href=\"https:\/\/soldanella.de\/wordpress\/kranich\/\">Kranich<\/a><\/li><li><a href=\"https:\/\/soldanella.de\/wordpress\/krickente\/\">Krickente<\/a><\/li><li><a href=\"https:\/\/soldanella.de\/wordpress\/kuckuck\/\">Kuckuck<\/a><\/li><li><a href=\"https:\/\/soldanella.de\/wordpress\/lachmoewe\/\">Lachm\u00f6we<\/a><\/li><li><a href=\"https:\/\/soldanella.de\/wordpress\/loeffelente\/\">L\u00f6ffelente<\/a><\/li><li><a href=\"https:\/\/soldanella.de\/wordpress\/loeffler\/\">L\u00f6ffler<\/a><\/li><li><a href=\"https:\/\/soldanella.de\/wordpress\/mandarinente\/\">Mandarinente<\/a><\/li><li><a href=\"https:\/\/soldanella.de\/wordpress\/mantelmoewe\/\">Mantelm\u00f6we<\/a><\/li><li><a href=\"https:\/\/soldanella.de\/wordpress\/maeusebussard\/\">M\u00e4usebussard<\/a><\/li><li><a href=\"https:\/\/soldanella.de\/wordpress\/meeresstrandlaeufer\/\">Meerstrandl\u00e4ufer<\/a><\/li><li><a href=\"https:\/\/soldanella.de\/wordpress\/mehlschwalbe\/\">Mehlschwalbe<\/a><\/li><li><a href=\"https:\/\/soldanella.de\/wordpress\/mittelsaeger\/\">Mittels\u00e4ger<\/a><\/li><li><a href=\"https:\/\/soldanella.de\/wordpress\/moenchsgrasmuecke\/\">M\u00f6nchsgrasm\u00fccke<\/a><\/li><li><a href=\"https:\/\/soldanella.de\/wordpress\/moorente\/\">Moorente<\/a><\/li><li><a href=\"https:\/\/soldanella.de\/wordpress\/nachtigall\/\">Nachtigall<\/a><\/li><li><a href=\"https:\/\/soldanella.de\/wordpress\/neuntoeter\/\">Neunt\u00f6ter<\/a><\/li><li><a href=\"https:\/\/soldanella.de\/wordpress\/nilgans\/\">Nilgans<\/a><\/li><li><a href=\"https:\/\/soldanella.de\/wordpress\/ohrentaucher\/\">Ohrentaucher<\/a><\/li><li><a href=\"https:\/\/soldanella.de\/wordpress\/pfeifente\/\">Pfeifente<\/a><\/li><li><a href=\"https:\/\/soldanella.de\/wordpress\/pfuhlschnepfe\/\">Pfuhlschnepfe<\/a><\/li><li><a href=\"https:\/\/soldanella.de\/wordpress\/purpurreiher\/\">Purpurreiher<\/a><\/li><li><a href=\"https:\/\/soldanella.de\/wordpress\/rabenkraehe\/\">Rabenkr\u00e4he<\/a><\/li><li><a href=\"https:\/\/soldanella.de\/wordpress\/raubwuerger\/\">Raubw\u00fcrger<\/a><\/li><li><a href=\"https:\/\/soldanella.de\/wordpress\/rauchschwalbe\/\">Rauchschwalbe<\/a><\/li><li><a href=\"https:\/\/soldanella.de\/wordpress\/regenbrachvogel\/\">Regenbrachvogel<\/a><\/li><li><a href=\"https:\/\/soldanella.de\/wordpress\/reiherente\/\">Reiherente<\/a><\/li><li><a href=\"https:\/\/soldanella.de\/wordpress\/ringelgans\/\">Ringelgans<\/a><\/li><li><a href=\"https:\/\/soldanella.de\/wordpress\/ringeltaube\/\">Ringeltaube<\/a><\/li><li><a href=\"https:\/\/soldanella.de\/wordpress\/rohrammer\/\">Rohrammer<\/a><\/li><li><a href=\"https:\/\/soldanella.de\/wordpress\/rohrweihe\/\">Rohrweihe<\/a><\/li><li><a href=\"https:\/\/soldanella.de\/wordpress\/rostgans\/\">Rostgans<\/a><\/li><li><a href=\"https:\/\/soldanella.de\/wordpress\/rothalstaucher\/\">Rothalstaucher<\/a><\/li><li><a href=\"https:\/\/soldanella.de\/wordpress\/rotkehlchen\/\">Rotkehlchen<\/a><\/li><li><a href=\"https:\/\/soldanella.de\/wordpress\/rotmilan\/\">Rotmilan<\/a><\/li><li><a href=\"https:\/\/soldanella.de\/wordpress\/rotschenkel\/\">Rotschenkel<\/a><\/li><li><a href=\"https:\/\/soldanella.de\/wordpress\/saebelschnaebler\/\">S\u00e4belschn\u00e4bler<\/a><\/li><li><a href=\"https:\/\/soldanella.de\/wordpress\/sanderling\/\">Sanderling<\/a><\/li><li><a href=\"https:\/\/soldanella.de\/wordpress\/sandregenpfeifer\/\">Sandregenpfeifer<\/a><\/li><li><a href=\"https:\/\/soldanella.de\/wordpress\/schafstelze\/\">Schafstelze<\/a><\/li><li><a href=\"https:\/\/soldanella.de\/wordpress\/schellente\/\">Schellente<\/a><\/li><li><a href=\"https:\/\/soldanella.de\/wordpress\/schilfrohrsaenger\/\">Schilfrohrs\u00e4nger<\/a><\/li><li><a href=\"https:\/\/soldanella.de\/wordpress\/schnatterente\/\">Schnatterente<\/a><\/li><li><a href=\"https:\/\/soldanella.de\/wordpress\/schneefink\/\">Schneefink<\/a><\/li><li><a href=\"https:\/\/soldanella.de\/wordpress\/schwanzmeise\/\">Schwanzmeise<\/a><\/li><li><a href=\"https:\/\/soldanella.de\/wordpress\/schwarzhalstaucher\/\">Schwarzhalstaucher<\/a><\/li><li><a href=\"https:\/\/soldanella.de\/wordpress\/schwarzkehlchen\/\">Schwarzkehlchen<\/a><\/li><li><a href=\"https:\/\/soldanella.de\/wordpress\/seeadler\/\">Seeadler<\/a><\/li><li><a href=\"https:\/\/soldanella.de\/wordpress\/seidenreiher\/\">Seidenreiher<\/a><\/li><li><a href=\"https:\/\/soldanella.de\/wordpress\/silbermoewe\/\">Silberm\u00f6we<\/a><\/li><li><a href=\"https:\/\/soldanella.de\/wordpress\/silberreiher\/\">Silberreiher<\/a><\/li><li><a href=\"https:\/\/soldanella.de\/wordpress\/singdrossel-2\/\">Singdrossel<\/a><\/li><li><a href=\"https:\/\/soldanella.de\/wordpress\/sommergoldhaehnchen\/\">Sommergoldh\u00e4hnchen<\/a><\/li><li><a href=\"https:\/\/soldanella.de\/wordpress\/sperber\/\">Sperber<\/a><\/li><li><a href=\"https:\/\/soldanella.de\/wordpress\/spiessente\/\">Spie\u00dfente<\/a><\/li><li><a href=\"https:\/\/soldanella.de\/wordpress\/star\/\">Star<\/a><\/li><li><a href=\"https:\/\/soldanella.de\/wordpress\/steinadler\/\">Steinadler<\/a><\/li><li><a href=\"https:\/\/soldanella.de\/wordpress\/steinschmaetzer\/\">Steinschm\u00e4tzer<\/a><\/li><li><a href=\"https:\/\/soldanella.de\/wordpress\/steinwaelzer\/\">Steinw\u00e4lzer<\/a><\/li><li><a href=\"https:\/\/soldanella.de\/wordpress\/stelzenlaeufer\/\">Stelzenl\u00e4ufer<\/a><\/li><li><a href=\"https:\/\/soldanella.de\/wordpress\/steppenmoewe\/\">Steppenm\u00f6we<\/a><\/li><li><a href=\"https:\/\/soldanella.de\/wordpress\/sterntaucher\/\">Sterntaucher<\/a><\/li><li><a href=\"https:\/\/soldanella.de\/wordpress\/stockente\/\">Stockente<\/a><\/li><li><a href=\"https:\/\/soldanella.de\/wordpress\/sturmmoewe\/\">Sturmm\u00f6we<\/a><\/li><li><a href=\"https:\/\/soldanella.de\/wordpress\/sumpfmeise\/\">Sumpfmeise<\/a><\/li><li><a href=\"https:\/\/soldanella.de\/wordpress\/sumpfohreule\/\">Sumpfohreule<\/a><\/li><li><a href=\"https:\/\/soldanella.de\/wordpress\/tafelente\/\">Tafelente<\/a><\/li><li><a href=\"https:\/\/soldanella.de\/wordpress\/tannenhaeher\/\">Tannenh\u00e4her<\/a><\/li><li><a href=\"https:\/\/soldanella.de\/wordpress\/tannenmeise\/\">Tannenmeise<\/a><\/li><li><a href=\"https:\/\/soldanella.de\/wordpress\/teichhuhn-2\/\">Teichhuhn<\/a><\/li><li><a href=\"https:\/\/soldanella.de\/wordpress\/teichrohrsaenger\/\">Teichrohrs\u00e4nger<\/a><\/li><li><a href=\"https:\/\/soldanella.de\/wordpress\/trauerente\/\">Trauerente<\/a><\/li><li><a href=\"https:\/\/soldanella.de\/wordpress\/trauerschwan\/\">Trauerschwan<\/a><\/li><li><a href=\"https:\/\/soldanella.de\/wordpress\/trottellumme\/\">Trottellumme<\/a><\/li><li><a href=\"https:\/\/soldanella.de\/wordpress\/tuerkentaube\/\">T\u00fcrkentaube<\/a><\/li><li><a href=\"https:\/\/soldanella.de\/wordpress\/turmfalke\/\">Turmfalke<\/a><\/li><li><a href=\"https:\/\/soldanella.de\/wordpress\/turteltaube\/\">Turteltaube<\/a><\/li><li><a href=\"https:\/\/soldanella.de\/wordpress\/uferschnepfe\/\">Uferschnepfe<\/a><\/li><li><a href=\"https:\/\/soldanella.de\/wordpress\/uhu\/\">Uhu<\/a><\/li><li><a href=\"https:\/\/soldanella.de\/wordpress\/wacholderdrossel\/\">Wacholderdrossel<\/a><\/li><li><a href=\"https:\/\/soldanella.de\/wordpress\/waldwasserlaeufer\/\">Waldwasserl\u00e4ufer<\/a><\/li><li><a href=\"https:\/\/soldanella.de\/wordpress\/wanderfalke\/\">Wanderfalke<\/a><\/li><li><a href=\"https:\/\/soldanella.de\/wordpress\/wasseramsel\/\">Wasseramsel<\/a><\/li><li><a href=\"https:\/\/soldanella.de\/wordpress\/wasserralle\/\">Wasserralle<\/a><\/li><li><a href=\"https:\/\/soldanella.de\/wordpress\/weissstorch\/\">Wei\u00dfstorch<\/a><\/li><li><a href=\"https:\/\/soldanella.de\/wordpress\/brandgans\/\">Wei\u00dfwangengans, Nonnengans<\/a><\/li><li><a href=\"https:\/\/soldanella.de\/wordpress\/wiesenpieper\/\">Wiesenpieper<\/a><\/li><li><a href=\"https:\/\/soldanella.de\/wordpress\/wintergoldhaehnchen\/\">Wintergoldh\u00e4hnchen<\/a><\/li><li><a href=\"https:\/\/soldanella.de\/wordpress\/zaunkoenig\/\">Zaunk\u00f6nig<\/a><\/li><li><a href=\"https:\/\/soldanella.de\/wordpress\/zilpzalp\/\">Zilpzalp<\/a><\/li><li><a href=\"https:\/\/soldanella.de\/wordpress\/zwergtaucher\/\">Zwergtaucher<\/a><\/li><\/ul><\/td>\n<td width=\"96\"><\/td>\n<td width=\"96\"><\/td>\n<td width=\"96\"><\/td>\n<td width=\"96\"><\/td>\n<td width=\"96\"><\/td>\n<td width=\"96\"><\/td>\n<\/tr>\n<\/tbody>\n<\/table>\n<p>[\/vc_column_text][\/vc_column][\/vc_row]<\/p>\n<\/div>","protected":false},"excerpt":{"rendered":"<p>[vc_row][vc_column][vc_column_text] S\u00e4ugetiere V\u00f6gel Amphibien Reptilien Insekten Spinnen Pflanzen Pilze [\/vc_column_text][\/vc_column][\/vc_row]<\/p>\n","protected":false},"author":1,"featured_media":0,"parent":0,"menu_order":0,"comment_status":"closed","ping_status":"closed","template":"","meta":{"ocean_post_layout":"","ocean_both_sidebars_style":"","ocean_both_sidebars_content_width":0,"ocean_both_sidebars_sidebars_width":0,"ocean_sidebar":"","ocean_second_sidebar":"","ocean_disable_margins":"enable","ocean_add_body_class":"","ocean_shortcode_before_top_bar":"","ocean_shortcode_after_top_bar":"","ocean_shortcode_before_header":"","ocean_shortcode_after_header":"","ocean_has_shortcode":"","ocean_shortcode_after_title":"","ocean_shortcode_before_footer_widgets":"","ocean_shortcode_after_footer_widgets":"","ocean_shortcode_before_footer_bottom":"","ocean_shortcode_after_footer_bottom":"","ocean_display_top_bar":"default","ocean_display_header":"default","ocean_header_style":"","ocean_center_header_left_menu":"","ocean_custom_header_template":"","ocean_custom_logo":0,"ocean_custom_retina_logo":0,"ocean_custom_logo_max_width":0,"ocean_custom_logo_tablet_max_width":0,"ocean_custom_logo_mobile_max_width":0,"ocean_custom_logo_max_height":0,"ocean_custom_logo_tablet_max_height":0,"ocean_custom_logo_mobile_max_height":0,"ocean_header_custom_menu":"","ocean_menu_typo_font_family":"","ocean_menu_typo_font_subset":"","ocean_menu_typo_font_size":0,"ocean_menu_typo_font_size_tablet":0,"ocean_menu_typo_font_size_mobile":0,"ocean_menu_typo_font_size_unit":"px","ocean_menu_typo_font_weight":"","ocean_menu_typo_font_weight_tablet":"","ocean_menu_typo_font_weight_mobile":"","ocean_menu_typo_transform":"","ocean_menu_typo_transform_tablet":"","ocean_menu_typo_transform_mobile":"","ocean_menu_typo_line_height":0,"ocean_menu_typo_line_height_tablet":0,"ocean_menu_typo_line_height_mobile":0,"ocean_menu_typo_line_height_unit":"","ocean_menu_typo_spacing":0,"ocean_menu_typo_spacing_tablet":0,"ocean_menu_typo_spacing_mobile":0,"ocean_menu_typo_spacing_unit":"","ocean_menu_link_color":"","ocean_menu_link_color_hover":"","ocean_menu_link_color_active":"","ocean_menu_link_background":"","ocean_menu_link_hover_background":"","ocean_menu_link_active_background":"","ocean_menu_social_links_bg":"","ocean_menu_social_hover_links_bg":"","ocean_menu_social_links_color":"","ocean_menu_social_hover_links_color":"","ocean_disable_title":"default","ocean_disable_heading":"default","ocean_post_title":"","ocean_post_subheading":"","ocean_post_title_style":"","ocean_post_title_background_color":"","ocean_post_title_background":0,"ocean_post_title_bg_image_position":"","ocean_post_title_bg_image_attachment":"","ocean_post_title_bg_image_repeat":"","ocean_post_title_bg_image_size":"","ocean_post_title_height":0,"ocean_post_title_bg_overlay":0.5,"ocean_post_title_bg_overlay_color":"","ocean_disable_breadcrumbs":"default","ocean_breadcrumbs_color":"","ocean_breadcrumbs_separator_color":"","ocean_breadcrumbs_links_color":"","ocean_breadcrumbs_links_hover_color":"","ocean_display_footer_widgets":"default","ocean_display_footer_bottom":"default","ocean_custom_footer_template":"","footnotes":""},"class_list":["post-6299","page","type-page","status-publish","hentry","entry"],"yoast_head":"<!-- This site is optimized with the Yoast SEO plugin v18.3 - https:\/\/yoast.com\/wordpress\/plugins\/seo\/ -->\n<title>A-Z V\u00f6gel * soldanella<\/title>\n<meta name=\"robots\" content=\"index, follow, max-snippet:-1, max-image-preview:large, max-video-preview:-1\" \/>\n<link rel=\"canonical\" href=\"https:\/\/soldanella.de\/wordpress\/a-z-4-2-3-2\/\" \/>\n<meta property=\"og:locale\" content=\"de_DE\" \/>\n<meta property=\"og:type\" content=\"article\" \/>\n<meta property=\"og:title\" content=\"A-Z V\u00f6gel * soldanella\" \/>\n<meta property=\"og:description\" content=\"[vc_row][vc_column][vc_column_text] S\u00e4ugetiere V\u00f6gel Amphibien Reptilien Insekten Spinnen Pflanzen Pilze [\/vc_column_text][\/vc_column][\/vc_row]\" \/>\n<meta property=\"og:url\" content=\"https:\/\/soldanella.de\/wordpress\/a-z-4-2-3-2\/\" \/>\n<meta property=\"og:site_name\" content=\"soldanella\" \/>\n<meta property=\"article:modified_time\" content=\"2018-04-20T16:25:09+00:00\" \/>\n<meta name=\"twitter:card\" content=\"summary_large_image\" \/>\n<script type=\"application\/ld+json\" class=\"yoast-schema-graph\">{\"@context\":\"https:\/\/schema.org\",\"@graph\":[{\"@type\":\"WebSite\",\"@id\":\"https:\/\/soldanella.de\/wordpress\/#website\",\"url\":\"https:\/\/soldanella.de\/wordpress\/\",\"name\":\"soldanella\",\"description\":\"Aus Freude an der Natur\",\"potentialAction\":[{\"@type\":\"SearchAction\",\"target\":{\"@type\":\"EntryPoint\",\"urlTemplate\":\"https:\/\/soldanella.de\/wordpress\/?s={search_term_string}\"},\"query-input\":\"required name=search_term_string\"}],\"inLanguage\":\"de\"},{\"@type\":\"WebPage\",\"@id\":\"https:\/\/soldanella.de\/wordpress\/a-z-4-2-3-2\/#webpage\",\"url\":\"https:\/\/soldanella.de\/wordpress\/a-z-4-2-3-2\/\",\"name\":\"A-Z V\u00f6gel * soldanella\",\"isPartOf\":{\"@id\":\"https:\/\/soldanella.de\/wordpress\/#website\"},\"datePublished\":\"2018-03-16T17:58:27+00:00\",\"dateModified\":\"2018-04-20T16:25:09+00:00\",\"breadcrumb\":{\"@id\":\"https:\/\/soldanella.de\/wordpress\/a-z-4-2-3-2\/#breadcrumb\"},\"inLanguage\":\"de\",\"potentialAction\":[{\"@type\":\"ReadAction\",\"target\":[\"https:\/\/soldanella.de\/wordpress\/a-z-4-2-3-2\/\"]}]},{\"@type\":\"BreadcrumbList\",\"@id\":\"https:\/\/soldanella.de\/wordpress\/a-z-4-2-3-2\/#breadcrumb\",\"itemListElement\":[{\"@type\":\"ListItem\",\"position\":1,\"name\":\"Startseite\",\"item\":\"https:\/\/soldanella.de\/wordpress\/\"},{\"@type\":\"ListItem\",\"position\":2,\"name\":\"A-Z V\u00f6gel\"}]}]}<\/script>\n<!-- \/ Yoast SEO plugin. -->","yoast_head_json":{"title":"A-Z V\u00f6gel * soldanella","robots":{"index":"index","follow":"follow","max-snippet":"max-snippet:-1","max-image-preview":"max-image-preview:large","max-video-preview":"max-video-preview:-1"},"canonical":"https:\/\/soldanella.de\/wordpress\/a-z-4-2-3-2\/","og_locale":"de_DE","og_type":"article","og_title":"A-Z V\u00f6gel * soldanella","og_description":"[vc_row][vc_column][vc_column_text] S\u00e4ugetiere V\u00f6gel Amphibien Reptilien Insekten Spinnen Pflanzen Pilze [\/vc_column_text][\/vc_column][\/vc_row]","og_url":"https:\/\/soldanella.de\/wordpress\/a-z-4-2-3-2\/","og_site_name":"soldanella","article_modified_time":"2018-04-20T16:25:09+00:00","twitter_card":"summary_large_image","schema":{"@context":"https:\/\/schema.org","@graph":[{"@type":"WebSite","@id":"https:\/\/soldanella.de\/wordpress\/#website","url":"https:\/\/soldanella.de\/wordpress\/","name":"soldanella","description":"Aus Freude an der Natur","potentialAction":[{"@type":"SearchAction","target":{"@type":"EntryPoint","urlTemplate":"https:\/\/soldanella.de\/wordpress\/?s={search_term_string}"},"query-input":"required name=search_term_string"}],"inLanguage":"de"},{"@type":"WebPage","@id":"https:\/\/soldanella.de\/wordpress\/a-z-4-2-3-2\/#webpage","url":"https:\/\/soldanella.de\/wordpress\/a-z-4-2-3-2\/","name":"A-Z V\u00f6gel * soldanella","isPartOf":{"@id":"https:\/\/soldanella.de\/wordpress\/#website"},"datePublished":"2018-03-16T17:58:27+00:00","dateModified":"2018-04-20T16:25:09+00:00","breadcrumb":{"@id":"https:\/\/soldanella.de\/wordpress\/a-z-4-2-3-2\/#breadcrumb"},"inLanguage":"de","potentialAction":[{"@type":"ReadAction","target":["https:\/\/soldanella.de\/wordpress\/a-z-4-2-3-2\/"]}]},{"@type":"BreadcrumbList","@id":"https:\/\/soldanella.de\/wordpress\/a-z-4-2-3-2\/#breadcrumb","itemListElement":[{"@type":"ListItem","position":1,"name":"Startseite","item":"https:\/\/soldanella.de\/wordpress\/"},{"@type":"ListItem","position":2,"name":"A-Z V\u00f6gel"}]}]}},"_links":{"self":[{"href":"https:\/\/soldanella.de\/wordpress\/wp-json\/wp\/v2\/pages\/6299","targetHints":{"allow":["GET"]}}],"collection":[{"href":"https:\/\/soldanella.de\/wordpress\/wp-json\/wp\/v2\/pages"}],"about":[{"href":"https:\/\/soldanella.de\/wordpress\/wp-json\/wp\/v2\/types\/page"}],"author":[{"embeddable":true,"href":"https:\/\/soldanella.de\/wordpress\/wp-json\/wp\/v2\/users\/1"}],"replies":[{"embeddable":true,"href":"https:\/\/soldanella.de\/wordpress\/wp-json\/wp\/v2\/comments?post=6299"}],"version-history":[{"count":6,"href":"https:\/\/soldanella.de\/wordpress\/wp-json\/wp\/v2\/pages\/6299\/revisions"}],"predecessor-version":[{"id":6337,"href":"https:\/\/soldanella.de\/wordpress\/wp-json\/wp\/v2\/pages\/6299\/revisions\/6337"}],"wp:attachment":[{"href":"https:\/\/soldanella.de\/wordpress\/wp-json\/wp\/v2\/media?parent=6299"}],"curies":[{"name":"wp","href":"https:\/\/api.w.org\/{rel}","templated":true}]}}