{"id":6322,"date":"2018-03-16T18:58:27","date_gmt":"2018-03-16T17:58:27","guid":{"rendered":"https:\/\/soldanella.de\/wordpress\/a-z-amphibien\/"},"modified":"2018-03-20T11:56:34","modified_gmt":"2018-03-20T10:56:34","slug":"a-z-4-2-3-2-3-2-2-2","status":"publish","type":"page","link":"https:\/\/soldanella.de\/wordpress\/a-z-4-2-3-2-3-2-2-2\/","title":{"rendered":"A-Z Pflanzen"},"content":{"rendered":"<div class=\"wpb-content-wrapper\"><p>[vc_row][vc_column][vc_column_text]<\/p>\n<table>\n<tbody>\n<tr>\n<td width=\"96\"><a href=\"https:\/\/soldanella.de\/wordpress\/a-z-4-2-2\/\">S\u00e4ugetiere<\/a><\/td>\n<td width=\"96\"><a href=\"https:\/\/soldanella.de\/wordpress\/a-z-4-2-3-2\/\">V\u00f6gel<\/a><\/td>\n<td width=\"96\"><a href=\"https:\/\/soldanella.de\/wordpress\/a-z-4-2-3-2-3-2-2\/\">Amphibien<\/a><\/td>\n<td width=\"96\"><a href=\"https:\/\/soldanella.de\/wordpress\/a-z-4-2-3-2-3\/\">Reptilien<\/a><\/td>\n<td width=\"96\"><a href=\"https:\/\/soldanella.de\/wordpress\/a-z-4-2-3\/\">Insekten<\/a><\/td>\n<td width=\"96\"><a href=\"https:\/\/soldanella.de\/wordpress\/a-z-4-2-3-2-3-2\/\">Spinnen<\/a><\/td>\n<td width=\"96\"><a href=\"https:\/\/soldanella.de\/wordpress\/a-z-4-2-3-2-3-2-2-2\/\">Pflanzen<\/a><\/td>\n<td width=\"96\"><a href=\"https:\/\/soldanella.de\/wordpress\/a-z-4-2-3-2-2\/\">Pilze<\/a><\/td>\n<\/tr>\n<tr>\n<td width=\"96\"><\/td>\n<td width=\"96\"><\/td>\n<td width=\"96\"><\/td>\n<td width=\"96\"><\/td>\n<td width=\"96\"><\/td>\n<td width=\"96\"><\/td>\n<td width=\"96\">\u00a0\u00a0<ul class=\"lcp_catlist\" id=\"lcp_instance_0\"><li><a href=\"https:\/\/soldanella.de\/wordpress\/adlerfarn\/\">Adlerfarn<\/a><\/li><li><a href=\"https:\/\/soldanella.de\/wordpress\/aehrige-teufelskralle\/\">\u00c4hrige Teufelskralle<\/a><\/li><li><a href=\"https:\/\/soldanella.de\/wordpress\/akelei\/\">Akelei<\/a><\/li><li><a href=\"https:\/\/soldanella.de\/wordpress\/alpen-fettkraut\/\">Alpen-Fettkraut<\/a><\/li><li><a href=\"https:\/\/soldanella.de\/wordpress\/alpengloeckchen\/\">Alpengl\u00f6ckchen<\/a><\/li><li><a href=\"https:\/\/soldanella.de\/wordpress\/alpenrebe\/\">Alpenrebe<\/a><\/li><li><a href=\"https:\/\/soldanella.de\/wordpress\/alpenrose\/\">Alpenrose<\/a><\/li><li><a href=\"https:\/\/soldanella.de\/wordpress\/apfel\/\">Apfel<\/a><\/li><li><a href=\"https:\/\/soldanella.de\/wordpress\/arnika\/\">Arnika<\/a><\/li><li><a href=\"https:\/\/soldanella.de\/wordpress\/aronstab\/\">Aronstab<\/a><\/li><li><a href=\"https:\/\/soldanella.de\/wordpress\/augentrost\/\">Augentrost<\/a><\/li><li><a href=\"https:\/\/soldanella.de\/wordpress\/aurikel\/\">Aurikel<\/a><\/li><li><a href=\"https:\/\/soldanella.de\/wordpress\/balkan-windroeschen\/\">Balkan Windr\u00f6schen<\/a><\/li><li><a href=\"https:\/\/soldanella.de\/wordpress\/barbarakraut-oder-winterkresse\/\">Barbarakraut oder Winterkresse<\/a><\/li><li><a href=\"https:\/\/soldanella.de\/wordpress\/baerlauch\/\">B\u00e4rlauch<\/a><\/li><li><a href=\"https:\/\/soldanella.de\/wordpress\/berg-nelkenwurz\/\">Berg Nelkenwurz<\/a><\/li><li><a href=\"https:\/\/soldanella.de\/wordpress\/berg-waldhyazinthe\/\">Berg Waldhyazinthe<\/a><\/li><li><a href=\"https:\/\/soldanella.de\/wordpress\/bienenragwurz\/\">Bienenragwurz<\/a><\/li><li><a href=\"https:\/\/soldanella.de\/wordpress\/bittere-kreuzblume\/\">Bittere Kreuzblume<\/a><\/li><li><a href=\"https:\/\/soldanella.de\/wordpress\/bitterer-fransenenzian\/\">Bitterer Fransenenzian<\/a><\/li><li><a href=\"https:\/\/soldanella.de\/wordpress\/blaustern\/\">Blaustern<\/a><\/li><li><a href=\"https:\/\/soldanella.de\/wordpress\/brand-knabenkraut\/\">Brand Knabenkraut<\/a><\/li><li><a href=\"https:\/\/soldanella.de\/wordpress\/braunelle\/\">Braunelle<\/a><\/li><li><a href=\"https:\/\/soldanella.de\/wordpress\/breitblaettrige-lichtnelke\/\">Breitbl\u00e4ttrige Lichtnelke<\/a><\/li><li><a href=\"https:\/\/soldanella.de\/wordpress\/breitblaettriger-hohlzahn\/\">Breitbl\u00e4ttriger Hohlzahn<\/a><\/li><li><a href=\"https:\/\/soldanella.de\/wordpress\/bunter-hohlzahn\/\">Bunter Hohlzahn<\/a><\/li><li><a href=\"https:\/\/soldanella.de\/wordpress\/buschwindroeschen\/\">Buschwindr\u00f6schen<\/a><\/li><li><a href=\"https:\/\/soldanella.de\/wordpress\/deutscher-fransenenzian-2\/\">Deutscher Fransenenzian<\/a><\/li><li><a href=\"https:\/\/soldanella.de\/wordpress\/druesiges-springkraut\/\">Dr\u00fcsiges Springkraut<\/a><\/li><li><a href=\"https:\/\/soldanella.de\/wordpress\/dunkle-akelei\/\">Dunkle Akelei<\/a><\/li><li><a href=\"https:\/\/soldanella.de\/wordpress\/dunkle-koenigskerze\/\">Dunkle K\u00f6nigskerze<\/a><\/li><li><a href=\"https:\/\/soldanella.de\/wordpress\/echte-kugelblume\/\">Echte Kugelblume<\/a><\/li><li><a href=\"https:\/\/soldanella.de\/wordpress\/edelweiss\/\">Edelwei\u00df<\/a><\/li><li><a href=\"https:\/\/soldanella.de\/wordpress\/ehrenpreis\/\">Ehrenpreis<\/a><\/li><li><a href=\"https:\/\/soldanella.de\/wordpress\/einkoepfiges-ferkelkraut\/\">Eink\u00f6pfiges Ferkelkraut<\/a><\/li><li><a href=\"https:\/\/soldanella.de\/wordpress\/endivienblaettriges-habichtskraut\/\">Endivienbl\u00e4ttriges Habichtskraut<\/a><\/li><li><a href=\"https:\/\/soldanella.de\/wordpress\/fetthenne-steinbrech\/\">Fetthenne-Steinbrech<\/a><\/li><li><a href=\"https:\/\/soldanella.de\/wordpress\/feuerlilie\/\">Feuerlilie<\/a><\/li><li><a href=\"https:\/\/soldanella.de\/wordpress\/fieberklee\/\">Fieberklee<\/a><\/li><li><a href=\"https:\/\/soldanella.de\/wordpress\/fliegenragwurz\/\">Fliegenragwurz<\/a><\/li><li><a href=\"https:\/\/soldanella.de\/wordpress\/fransenenzian\/\">Fransenenzian<\/a><\/li><li><a href=\"https:\/\/soldanella.de\/wordpress\/fruehlings-fingerkraut\/\">Fr\u00fchlings-Fingerkraut<\/a><\/li><li><a href=\"https:\/\/soldanella.de\/wordpress\/fruehlingsenzian\/\">Fr\u00fchlingsenzian<\/a><\/li><li><a href=\"https:\/\/soldanella.de\/wordpress\/fruehlingskrokus\/\">Fr\u00fchlingskrokus<\/a><\/li><li><a href=\"https:\/\/soldanella.de\/wordpress\/galmeigrasnelke\/\">Galmeigrasnelke<\/a><\/li><li><a href=\"https:\/\/soldanella.de\/wordpress\/galmeitaeschel\/\">Galmeit\u00e4schel<\/a><\/li><li><a href=\"https:\/\/soldanella.de\/wordpress\/galmeiveilchen\/\">Galmeiveilchen<\/a><\/li><li><a href=\"https:\/\/soldanella.de\/wordpress\/gefingerter-lerchensporn\/\">Gefingerter Lerchensporn<\/a><\/li><li><a href=\"https:\/\/soldanella.de\/wordpress\/geflecktes-knabenkraut\/\">Geflecktes Knabenkraut<\/a><\/li><li><a href=\"https:\/\/soldanella.de\/wordpress\/gefranste-glockenblume\/\">Gefranste Glockenblume<\/a><\/li><li><a href=\"https:\/\/soldanella.de\/wordpress\/gelbes-buschwindroeschen\/\">Gelbes Buschwindr\u00f6schen<\/a><\/li><li><a href=\"https:\/\/soldanella.de\/wordpress\/gemeines-kreuzkraut\/\">Gemeine Kreuzblume<\/a><\/li><li><a href=\"https:\/\/soldanella.de\/wordpress\/gemeine-schafgarbe\/\">Gemeine Schafgarbe<\/a><\/li><li><a href=\"https:\/\/soldanella.de\/wordpress\/gemeines-leinkraut\/\">Gemeines Leinkraut<\/a><\/li><li><a href=\"https:\/\/soldanella.de\/wordpress\/gewoehnlicher-reiherschnabel\/\">Gew\u00f6hnlicher Reiherschnabel<\/a><\/li><li><a href=\"https:\/\/soldanella.de\/wordpress\/glockenheide\/\">Glockenheide<\/a><\/li><li><a href=\"https:\/\/soldanella.de\/wordpress\/golddistel\/\">Golddistel<\/a><\/li><li><a href=\"https:\/\/soldanella.de\/wordpress\/goldnessel\/\">Goldnessel<\/a><\/li><li><a href=\"https:\/\/soldanella.de\/wordpress\/goldpippau\/\">Goldpippau<\/a><\/li><li><a href=\"https:\/\/soldanella.de\/wordpress\/goldrute\/\">Goldrute<\/a><\/li><li><a href=\"https:\/\/soldanella.de\/wordpress\/grossblumige-miere\/\">Gro\u00dfblumige Miere<\/a><\/li><li><a href=\"https:\/\/soldanella.de\/wordpress\/grossbluetige-koenigskerze\/\">Gro\u00dfbl\u00fctige K\u00f6nigskerze<\/a><\/li><li><a href=\"https:\/\/soldanella.de\/wordpress\/grosser-klappertopf\/\">Gro\u00dfer Klappertopf<\/a><\/li><li><a href=\"https:\/\/soldanella.de\/wordpress\/gruenliche-waldhyazinthe\/\">Gr\u00fcnliche Waldhyazinthe<\/a><\/li><li><a href=\"https:\/\/soldanella.de\/wordpress\/gundermann\/\">Gundermann<\/a><\/li><li><a href=\"https:\/\/soldanella.de\/wordpress\/habichtskraut\/\">Habichtskraut<\/a><\/li><li><a href=\"https:\/\/soldanella.de\/wordpress\/hasengloeckchen\/\">Hasengl\u00f6ckchen<\/a><\/li><li><a href=\"https:\/\/soldanella.de\/wordpress\/hauswurz\/\">Hauswurz<\/a><\/li><li><a href=\"https:\/\/soldanella.de\/wordpress\/hederich\/\">Hederich<\/a><\/li><li><a href=\"https:\/\/soldanella.de\/wordpress\/heidenelke\/\">Heidenelke<\/a><\/li><li><a href=\"https:\/\/soldanella.de\/wordpress\/herbstdrehwurz\/\">Herbstdrehwurz<\/a><\/li><li><a href=\"https:\/\/soldanella.de\/wordpress\/herbstzeitlose\/\">Herbstzeitlose<\/a><\/li><li><a href=\"https:\/\/soldanella.de\/wordpress\/huflattich\/\">Huflattich<\/a><\/li><li><a href=\"https:\/\/soldanella.de\/wordpress\/johanniskraut\/\">Johanniskraut<\/a><\/li><li><a href=\"https:\/\/soldanella.de\/wordpress\/klatschmohn-2\/\">Klatschmohn<\/a><\/li><li><a href=\"https:\/\/soldanella.de\/wordpress\/kleines-knabenkraut\/\">Kleines Knabenkraut<\/a><\/li><li><a href=\"https:\/\/soldanella.de\/wordpress\/knabenkraut\/\">Knabenkraut<\/a><\/li><li><a href=\"https:\/\/soldanella.de\/wordpress\/knaeuel-glockenblume\/\">Kn\u00e4uel Glockenblume<\/a><\/li><li><a href=\"https:\/\/soldanella.de\/wordpress\/knoblauchrauke\/\">Knoblauchrauke<\/a><\/li><li><a href=\"https:\/\/soldanella.de\/wordpress\/kopfiges-laeusekraut\/\">Kopfiges L\u00e4usekraut<\/a><\/li><li><a href=\"https:\/\/soldanella.de\/wordpress\/kornblume\/\">Kornblume<\/a><\/li><li><a href=\"https:\/\/soldanella.de\/wordpress\/kriechender-guensel\/\">Kriechender G\u00fcnsel<\/a><\/li><li><a href=\"https:\/\/soldanella.de\/wordpress\/kronen-lichtnelke\/\">Kronen-Lichtnelke<\/a><\/li><li><a href=\"https:\/\/soldanella.de\/wordpress\/kuckuckslichtnelke\/\">Kuckuckslichtnelke<\/a><\/li><li><a href=\"https:\/\/soldanella.de\/wordpress\/kugelblume\/\">Kugelblume<\/a><\/li><li><a href=\"https:\/\/soldanella.de\/wordpress\/kugelige-teufelskralle\/\">Kugelige Teufelskralle<\/a><\/li><li><a href=\"https:\/\/soldanella.de\/wordpress\/kugelorchis\/\">Kugelorchis<\/a><\/li><li><a href=\"https:\/\/soldanella.de\/wordpress\/loewenzahn\/\">L\u00f6wenzahn<\/a><\/li><li><a href=\"https:\/\/soldanella.de\/wordpress\/lungenenzian\/\">Lungenenzian<\/a><\/li><li><a href=\"https:\/\/soldanella.de\/wordpress\/maerzenbecher-fruehlingsknotenblume\/\">M\u00e4rzenbecher (Fr\u00fchlingsknotenblume)<\/a><\/li><li><a href=\"https:\/\/soldanella.de\/wordpress\/mauerpfeffer\/\">Mauerpfeffer<\/a><\/li><li><a href=\"https:\/\/soldanella.de\/wordpress\/ganzrandige-primel\/\">Mehlprimel<\/a><\/li><li><a href=\"https:\/\/soldanella.de\/wordpress\/meisterwurz\/\">Meisterwurz<\/a><\/li><li><a href=\"https:\/\/soldanella.de\/wordpress\/mittlerer-sonnentau\/\">Mittlerer Sonnentau<\/a><\/li><li><a href=\"https:\/\/soldanella.de\/wordpress\/moos-nabelmiere\/\">Moos Nabelmiere<\/a><\/li><li><a href=\"https:\/\/soldanella.de\/wordpress\/moosauge\/\">Moosauge<\/a><\/li><li><a href=\"https:\/\/soldanella.de\/wordpress\/mueckenhaendelwurz\/\">M\u00fcckenh\u00e4ndelwurz<\/a><\/li><li><a href=\"https:\/\/soldanella.de\/wordpress\/narzisse\/\">Narzisse<\/a><\/li><li><a href=\"https:\/\/soldanella.de\/wordpress\/natternkopf\/\">Natternkopf<\/a><\/li><li><a href=\"https:\/\/soldanella.de\/wordpress\/ohnhorn\/\">Ohnhorn<\/a><\/li><li><a href=\"https:\/\/soldanella.de\/wordpress\/oregano-oder-echter-dost\/\">Oregano oder echter Dost<\/a><\/li><li><a href=\"https:\/\/soldanella.de\/wordpress\/pestwurz\/\">Pestwurz<\/a><\/li><li><a href=\"https:\/\/soldanella.de\/wordpress\/punktierter-enzian\/\">Punktierter Enzian<\/a><\/li><li><a href=\"https:\/\/soldanella.de\/wordpress\/purpur-knabenkraut\/\">Purpur-Knabenkraut<\/a><\/li><li><a href=\"https:\/\/soldanella.de\/wordpress\/pyramiden-guensel\/\">Pyramiden G\u00fcnsel<\/a><\/li><li><a href=\"https:\/\/soldanella.de\/wordpress\/pyrenaeenstorchschnabel\/\">Pyren\u00e4enstorchschnabel<\/a><\/li><li><a href=\"https:\/\/soldanella.de\/wordpress\/rainfarn\/\">Rainfarn<\/a><\/li><li><a href=\"https:\/\/soldanella.de\/wordpress\/rapunzel-glockenblume\/\">Rapunzel-Glockenblume<\/a><\/li><li><a href=\"https:\/\/soldanella.de\/wordpress\/taglichtnelke\/\">Rote Lichtnelke<\/a><\/li><li><a href=\"https:\/\/soldanella.de\/wordpress\/rote-taubnessel\/\">Rote Taubnessel<\/a><\/li><li><a href=\"https:\/\/soldanella.de\/wordpress\/rotes-kohlroeschen\/\">Rotes Kohlr\u00f6schen<\/a><\/li><li><a href=\"https:\/\/soldanella.de\/wordpress\/rotes-waldvoegelein\/\">Rotes Waldv\u00f6gelein<\/a><\/li><li><a href=\"https:\/\/soldanella.de\/wordpress\/sonnentau\/\">Rundbl\u00e4ttriger Sonnentau<\/a><\/li><li><a href=\"https:\/\/soldanella.de\/wordpress\/sauerklee\/\">Sauerklee<\/a><\/li><li><a href=\"https:\/\/soldanella.de\/wordpress\/scharbockskraut\/\">Scharbockskraut<\/a><\/li><li><a href=\"https:\/\/soldanella.de\/wordpress\/schluesselblume\/\">Schl\u00fcsselblume<\/a><\/li><li><a href=\"https:\/\/soldanella.de\/wordpress\/schmablaettriges-weidenroeschen\/\">Schmabl\u00e4ttriges Weidenr\u00f6schen<\/a><\/li><li><a href=\"https:\/\/soldanella.de\/wordpress\/schmalblaettriges-weidenroeschen\/\">Schmalbl\u00e4ttriges Weidenr\u00f6schen<\/a><\/li><li><a href=\"https:\/\/soldanella.de\/wordpress\/schnee-enzian\/\">Schnee Enzian<\/a><\/li><li><a href=\"https:\/\/soldanella.de\/wordpress\/schneegloeckchen\/\">Schneegl\u00f6ckchen<\/a><\/li><li><a href=\"https:\/\/soldanella.de\/wordpress\/schuppenwurz\/\">Schuppenwurz<\/a><\/li><li><a href=\"https:\/\/soldanella.de\/wordpress\/schwalbenwurz\/\">Schwalbenwurz<\/a><\/li><li><a href=\"https:\/\/soldanella.de\/wordpress\/schwalbenwurzenzian\/\">Schwalbenwurzenzian<\/a><\/li><li><a href=\"https:\/\/soldanella.de\/wordpress\/schwarze-teufelskralle\/\">Schwarze Teufelskralle<\/a><\/li><li><a href=\"https:\/\/soldanella.de\/wordpress\/schwarzes-kohlroeschen\/\">Schwarzes Kohlr\u00f6schen<\/a><\/li><li><a href=\"https:\/\/soldanella.de\/wordpress\/sibirische-schwertlilie\/\">Sibirische Schwertlilie<\/a><\/li><li><a href=\"https:\/\/soldanella.de\/wordpress\/skabiose\/\">Skabiose<\/a><\/li><li><a href=\"https:\/\/soldanella.de\/wordpress\/sommerwurz\/\">Sommerwurz<\/a><\/li><li><a href=\"https:\/\/soldanella.de\/wordpress\/breitblaettriger-enzian\/\">St\u00e4ngelloser Silikat-Enzian<\/a><\/li><li><a href=\"https:\/\/soldanella.de\/wordpress\/stinkender-storchschnabel\/\">Stinkender Storchschnabel<\/a><\/li><li><a href=\"https:\/\/soldanella.de\/wordpress\/strandaster\/\">Strandaster<\/a><\/li><li><a href=\"https:\/\/soldanella.de\/wordpress\/sumpf-glanzkraut\/\">Sumpf Glanzkraut<\/a><\/li><li><a href=\"https:\/\/soldanella.de\/wordpress\/sumpf-stendelwurz\/\">Sumpf Stendelwurz<\/a><\/li><li><a href=\"https:\/\/soldanella.de\/wordpress\/sumpfdotterblume\/\">Sumpfdotterblume<\/a><\/li><li><a href=\"https:\/\/soldanella.de\/wordpress\/sumpfherzblatt\/\">Sumpfherzblatt<\/a><\/li><li><a href=\"https:\/\/soldanella.de\/wordpress\/sumpfschwertlilie\/\">Sumpfschwertlilie<\/a><\/li><li><a href=\"https:\/\/soldanella.de\/wordpress\/taubenkropf-leinkraut\/\">Taubenkropf Leinkraut<\/a><\/li><li><a href=\"https:\/\/soldanella.de\/wordpress\/tausendgueldenkraut\/\">Tausendg\u00fcldenkraut<\/a><\/li><li><a href=\"https:\/\/soldanella.de\/wordpress\/teufelsabbiss\/\">Teufelsabbiss<\/a><\/li><li><a href=\"https:\/\/soldanella.de\/wordpress\/tormentill\/\">Tormentill<\/a><\/li><li><a href=\"https:\/\/soldanella.de\/wordpress\/traubenhyazinthe\/\">Traubenhyazinthe<\/a><\/li><li><a href=\"https:\/\/soldanella.de\/wordpress\/trollblume\/\">Trollblume<\/a><\/li><li><a href=\"https:\/\/soldanella.de\/wordpress\/tuerkrnbundlilie\/\">T\u00fcrkenbundlilie<\/a><\/li><li><a href=\"https:\/\/soldanella.de\/wordpress\/uebersehenes-knabenkraut\/\">\u00dcbersehenes Knabenkraut<\/a><\/li><li><a href=\"https:\/\/soldanella.de\/wordpress\/ungarischer-enzian\/\">Ungarischer Enzian<\/a><\/li><li><a href=\"https:\/\/soldanella.de\/wordpress\/vergissmeinnicht\/\">Vergissmeinnicht<\/a><\/li><li><a href=\"https:\/\/soldanella.de\/wordpress\/vogel-nestwurz\/\">Vogel-Nestwurz<\/a><\/li><li><a href=\"https:\/\/soldanella.de\/wordpress\/wald-sanikel\/\">Wald Sanikel<\/a><\/li><li><a href=\"https:\/\/soldanella.de\/wordpress\/wald-veilchen\/\">Wald Veilchen<\/a><\/li><li><a href=\"https:\/\/soldanella.de\/wordpress\/wald-wachtelweizen\/\">Wald Wachtelweizen<\/a><\/li><li><a href=\"https:\/\/soldanella.de\/wordpress\/waldmeister\/\">Waldmeister<\/a><\/li><li><a href=\"https:\/\/soldanella.de\/wordpress\/waldstorchschnabel\/\">Waldstorchschnabel<\/a><\/li><li><a href=\"https:\/\/soldanella.de\/wordpress\/wegwarte\/\">Wegwarte<\/a><\/li><li><a href=\"https:\/\/soldanella.de\/wordpress\/weisse-alpenrose\/\">Wei\u00dfe Alpenrose<\/a><\/li><li><a href=\"https:\/\/soldanella.de\/wordpress\/weisses-waldvoeglein\/\">Wei\u00dfes Waldv\u00f6glein<\/a><\/li><li><a href=\"https:\/\/soldanella.de\/wordpress\/weisszuengel\/\">Wei\u00dfz\u00fcngel<\/a><\/li><li><a href=\"https:\/\/soldanella.de\/wordpress\/wiesensalbei\/\">Wiesensalbei<\/a><\/li><li><a href=\"https:\/\/soldanella.de\/wordpress\/wiesenschaumkraut\/\">Wiesenschaumkraut<\/a><\/li><li><a href=\"https:\/\/soldanella.de\/wordpress\/wilde-karde\/\">Wilde Karde<\/a><\/li><li><a href=\"https:\/\/soldanella.de\/wordpress\/wilde-malve\/\">Wilde Malve<\/a><\/li><li><a href=\"https:\/\/soldanella.de\/wordpress\/wildes-stiefmuetterchen\/\">Wildes Stiefm\u00fctterchen<\/a><\/li><li><a href=\"https:\/\/soldanella.de\/wordpress\/winterling\/\">Winterling<\/a><\/li><li><a href=\"https:\/\/soldanella.de\/wordpress\/wolfseisenhut\/\">Wolfseisenhut<\/a><\/li><li><a href=\"https:\/\/soldanella.de\/wordpress\/wollgras\/\">Wollgras<\/a><\/li><li><a href=\"https:\/\/soldanella.de\/wordpress\/zirbe\/\">Zirbe<\/a><\/li><li><a href=\"https:\/\/soldanella.de\/wordpress\/zitronenthymian\/\">Zitronenthymian<\/a><\/li><li><a href=\"https:\/\/soldanella.de\/wordpress\/zweiblatt\/\">Zweiblatt<\/a><\/li><\/ul><\/td>\n<td width=\"96\"><\/td>\n<\/tr>\n<\/tbody>\n<\/table>\n<p>[\/vc_column_text][\/vc_column][\/vc_row]<\/p>\n<\/div>","protected":false},"excerpt":{"rendered":"<p>[vc_row][vc_column][vc_column_text] S\u00e4ugetiere V\u00f6gel Amphibien Reptilien Insekten Spinnen Pflanzen Pilze \u00a0\u00a0 [\/vc_column_text][\/vc_column][\/vc_row]<\/p>\n","protected":false},"author":1,"featured_media":0,"parent":0,"menu_order":0,"comment_status":"closed","ping_status":"closed","template":"","meta":{"ocean_post_layout":"","ocean_both_sidebars_style":"","ocean_both_sidebars_content_width":0,"ocean_both_sidebars_sidebars_width":0,"ocean_sidebar":"","ocean_second_sidebar":"","ocean_disable_margins":"enable","ocean_add_body_class":"","ocean_shortcode_before_top_bar":"","ocean_shortcode_after_top_bar":"","ocean_shortcode_before_header":"","ocean_shortcode_after_header":"","ocean_has_shortcode":"","ocean_shortcode_after_title":"","ocean_shortcode_before_footer_widgets":"","ocean_shortcode_after_footer_widgets":"","ocean_shortcode_before_footer_bottom":"","ocean_shortcode_after_footer_bottom":"","ocean_display_top_bar":"default","ocean_display_header":"default","ocean_header_style":"","ocean_center_header_left_menu":"","ocean_custom_header_template":"","ocean_custom_logo":0,"ocean_custom_retina_logo":0,"ocean_custom_logo_max_width":0,"ocean_custom_logo_tablet_max_width":0,"ocean_custom_logo_mobile_max_width":0,"ocean_custom_logo_max_height":0,"ocean_custom_logo_tablet_max_height":0,"ocean_custom_logo_mobile_max_height":0,"ocean_header_custom_menu":"","ocean_menu_typo_font_family":"","ocean_menu_typo_font_subset":"","ocean_menu_typo_font_size":0,"ocean_menu_typo_font_size_tablet":0,"ocean_menu_typo_font_size_mobile":0,"ocean_menu_typo_font_size_unit":"px","ocean_menu_typo_font_weight":"","ocean_menu_typo_font_weight_tablet":"","ocean_menu_typo_font_weight_mobile":"","ocean_menu_typo_transform":"","ocean_menu_typo_transform_tablet":"","ocean_menu_typo_transform_mobile":"","ocean_menu_typo_line_height":0,"ocean_menu_typo_line_height_tablet":0,"ocean_menu_typo_line_height_mobile":0,"ocean_menu_typo_line_height_unit":"","ocean_menu_typo_spacing":0,"ocean_menu_typo_spacing_tablet":0,"ocean_menu_typo_spacing_mobile":0,"ocean_menu_typo_spacing_unit":"","ocean_menu_link_color":"","ocean_menu_link_color_hover":"","ocean_menu_link_color_active":"","ocean_menu_link_background":"","ocean_menu_link_hover_background":"","ocean_menu_link_active_background":"","ocean_menu_social_links_bg":"","ocean_menu_social_hover_links_bg":"","ocean_menu_social_links_color":"","ocean_menu_social_hover_links_color":"","ocean_disable_title":"default","ocean_disable_heading":"default","ocean_post_title":"","ocean_post_subheading":"","ocean_post_title_style":"","ocean_post_title_background_color":"","ocean_post_title_background":0,"ocean_post_title_bg_image_position":"","ocean_post_title_bg_image_attachment":"","ocean_post_title_bg_image_repeat":"","ocean_post_title_bg_image_size":"","ocean_post_title_height":0,"ocean_post_title_bg_overlay":0.5,"ocean_post_title_bg_overlay_color":"","ocean_disable_breadcrumbs":"default","ocean_breadcrumbs_color":"","ocean_breadcrumbs_separator_color":"","ocean_breadcrumbs_links_color":"","ocean_breadcrumbs_links_hover_color":"","ocean_display_footer_widgets":"default","ocean_display_footer_bottom":"default","ocean_custom_footer_template":"","footnotes":""},"class_list":["post-6322","page","type-page","status-publish","hentry","entry"],"yoast_head":"<!-- This site is optimized with the Yoast SEO plugin v18.3 - https:\/\/yoast.com\/wordpress\/plugins\/seo\/ -->\n<title>A-Z Pflanzen * soldanella<\/title>\n<meta name=\"robots\" content=\"index, follow, max-snippet:-1, max-image-preview:large, max-video-preview:-1\" \/>\n<link rel=\"canonical\" href=\"https:\/\/soldanella.de\/wordpress\/a-z-4-2-3-2-3-2-2-2\/\" \/>\n<meta property=\"og:locale\" content=\"de_DE\" \/>\n<meta property=\"og:type\" content=\"article\" \/>\n<meta property=\"og:title\" content=\"A-Z Pflanzen * soldanella\" \/>\n<meta property=\"og:description\" content=\"[vc_row][vc_column][vc_column_text] S\u00e4ugetiere V\u00f6gel Amphibien Reptilien Insekten Spinnen Pflanzen Pilze \u00a0\u00a0 [\/vc_column_text][\/vc_column][\/vc_row]\" \/>\n<meta property=\"og:url\" content=\"https:\/\/soldanella.de\/wordpress\/a-z-4-2-3-2-3-2-2-2\/\" \/>\n<meta property=\"og:site_name\" content=\"soldanella\" \/>\n<meta property=\"article:modified_time\" content=\"2018-03-20T10:56:34+00:00\" \/>\n<meta name=\"twitter:card\" content=\"summary_large_image\" \/>\n<script type=\"application\/ld+json\" class=\"yoast-schema-graph\">{\"@context\":\"https:\/\/schema.org\",\"@graph\":[{\"@type\":\"WebSite\",\"@id\":\"https:\/\/soldanella.de\/wordpress\/#website\",\"url\":\"https:\/\/soldanella.de\/wordpress\/\",\"name\":\"soldanella\",\"description\":\"Aus Freude an der Natur\",\"potentialAction\":[{\"@type\":\"SearchAction\",\"target\":{\"@type\":\"EntryPoint\",\"urlTemplate\":\"https:\/\/soldanella.de\/wordpress\/?s={search_term_string}\"},\"query-input\":\"required name=search_term_string\"}],\"inLanguage\":\"de\"},{\"@type\":\"WebPage\",\"@id\":\"https:\/\/soldanella.de\/wordpress\/a-z-4-2-3-2-3-2-2-2\/#webpage\",\"url\":\"https:\/\/soldanella.de\/wordpress\/a-z-4-2-3-2-3-2-2-2\/\",\"name\":\"A-Z Pflanzen * soldanella\",\"isPartOf\":{\"@id\":\"https:\/\/soldanella.de\/wordpress\/#website\"},\"datePublished\":\"2018-03-16T17:58:27+00:00\",\"dateModified\":\"2018-03-20T10:56:34+00:00\",\"breadcrumb\":{\"@id\":\"https:\/\/soldanella.de\/wordpress\/a-z-4-2-3-2-3-2-2-2\/#breadcrumb\"},\"inLanguage\":\"de\",\"potentialAction\":[{\"@type\":\"ReadAction\",\"target\":[\"https:\/\/soldanella.de\/wordpress\/a-z-4-2-3-2-3-2-2-2\/\"]}]},{\"@type\":\"BreadcrumbList\",\"@id\":\"https:\/\/soldanella.de\/wordpress\/a-z-4-2-3-2-3-2-2-2\/#breadcrumb\",\"itemListElement\":[{\"@type\":\"ListItem\",\"position\":1,\"name\":\"Startseite\",\"item\":\"https:\/\/soldanella.de\/wordpress\/\"},{\"@type\":\"ListItem\",\"position\":2,\"name\":\"A-Z Pflanzen\"}]}]}<\/script>\n<!-- \/ Yoast SEO plugin. -->","yoast_head_json":{"title":"A-Z Pflanzen * soldanella","robots":{"index":"index","follow":"follow","max-snippet":"max-snippet:-1","max-image-preview":"max-image-preview:large","max-video-preview":"max-video-preview:-1"},"canonical":"https:\/\/soldanella.de\/wordpress\/a-z-4-2-3-2-3-2-2-2\/","og_locale":"de_DE","og_type":"article","og_title":"A-Z Pflanzen * soldanella","og_description":"[vc_row][vc_column][vc_column_text] S\u00e4ugetiere V\u00f6gel Amphibien Reptilien Insekten Spinnen Pflanzen Pilze \u00a0\u00a0 [\/vc_column_text][\/vc_column][\/vc_row]","og_url":"https:\/\/soldanella.de\/wordpress\/a-z-4-2-3-2-3-2-2-2\/","og_site_name":"soldanella","article_modified_time":"2018-03-20T10:56:34+00:00","twitter_card":"summary_large_image","schema":{"@context":"https:\/\/schema.org","@graph":[{"@type":"WebSite","@id":"https:\/\/soldanella.de\/wordpress\/#website","url":"https:\/\/soldanella.de\/wordpress\/","name":"soldanella","description":"Aus Freude an der Natur","potentialAction":[{"@type":"SearchAction","target":{"@type":"EntryPoint","urlTemplate":"https:\/\/soldanella.de\/wordpress\/?s={search_term_string}"},"query-input":"required name=search_term_string"}],"inLanguage":"de"},{"@type":"WebPage","@id":"https:\/\/soldanella.de\/wordpress\/a-z-4-2-3-2-3-2-2-2\/#webpage","url":"https:\/\/soldanella.de\/wordpress\/a-z-4-2-3-2-3-2-2-2\/","name":"A-Z Pflanzen * soldanella","isPartOf":{"@id":"https:\/\/soldanella.de\/wordpress\/#website"},"datePublished":"2018-03-16T17:58:27+00:00","dateModified":"2018-03-20T10:56:34+00:00","breadcrumb":{"@id":"https:\/\/soldanella.de\/wordpress\/a-z-4-2-3-2-3-2-2-2\/#breadcrumb"},"inLanguage":"de","potentialAction":[{"@type":"ReadAction","target":["https:\/\/soldanella.de\/wordpress\/a-z-4-2-3-2-3-2-2-2\/"]}]},{"@type":"BreadcrumbList","@id":"https:\/\/soldanella.de\/wordpress\/a-z-4-2-3-2-3-2-2-2\/#breadcrumb","itemListElement":[{"@type":"ListItem","position":1,"name":"Startseite","item":"https:\/\/soldanella.de\/wordpress\/"},{"@type":"ListItem","position":2,"name":"A-Z Pflanzen"}]}]}},"_links":{"self":[{"href":"https:\/\/soldanella.de\/wordpress\/wp-json\/wp\/v2\/pages\/6322","targetHints":{"allow":["GET"]}}],"collection":[{"href":"https:\/\/soldanella.de\/wordpress\/wp-json\/wp\/v2\/pages"}],"about":[{"href":"https:\/\/soldanella.de\/wordpress\/wp-json\/wp\/v2\/types\/page"}],"author":[{"embeddable":true,"href":"https:\/\/soldanella.de\/wordpress\/wp-json\/wp\/v2\/users\/1"}],"replies":[{"embeddable":true,"href":"https:\/\/soldanella.de\/wordpress\/wp-json\/wp\/v2\/comments?post=6322"}],"version-history":[{"count":4,"href":"https:\/\/soldanella.de\/wordpress\/wp-json\/wp\/v2\/pages\/6322\/revisions"}],"predecessor-version":[{"id":6332,"href":"https:\/\/soldanella.de\/wordpress\/wp-json\/wp\/v2\/pages\/6322\/revisions\/6332"}],"wp:attachment":[{"href":"https:\/\/soldanella.de\/wordpress\/wp-json\/wp\/v2\/media?parent=6322"}],"curies":[{"name":"wp","href":"https:\/\/api.w.org\/{rel}","templated":true}]}}